{"id":1369,"date":"2025-08-07T08:29:59","date_gmt":"2025-08-07T06:29:59","guid":{"rendered":"https:\/\/e-2-e.eu\/?page_id=1369"},"modified":"2025-08-07T08:31:55","modified_gmt":"2025-08-07T06:31:55","slug":"cookies-policy","status":"publish","type":"page","link":"https:\/\/e-2-e.eu\/pl_pl\/cookies-policy\/","title":{"rendered":"Polityka plik\u00f3w cookies"},"content":{"rendered":"<div data-elementor-type=\"wp-page\" data-elementor-id=\"1369\" class=\"elementor elementor-1369\">\n\t\t\t\t\t\t<section class=\"elementor-section elementor-top-section elementor-element elementor-element-21dcbb7 elementor-section-boxed elementor-section-height-default elementor-section-height-default\" data-id=\"21dcbb7\" data-element_type=\"section\">\n\t\t\t\t\t\t<div class=\"elementor-container elementor-column-gap-default\">\n\t\t\t\t\t<div class=\"elementor-column elementor-col-100 elementor-top-column elementor-element elementor-element-6882a79\" data-id=\"6882a79\" data-element_type=\"column\">\n\t\t\t<div class=\"elementor-widget-wrap elementor-element-populated\">\n\t\t\t\t\t\t<div class=\"elementor-element elementor-element-4cbbfa7 elementor-widget elementor-widget-heading\" data-id=\"4cbbfa7\" data-element_type=\"widget\" data-widget_type=\"heading.default\">\n\t\t\t\t<div class=\"elementor-widget-container\">\n\t\t\t\t\t<h2 class=\"elementor-heading-title elementor-size-default\">Polityka plik\u00f3w cookies<\/h2>\t\t\t\t<\/div>\n\t\t\t\t<\/div>\n\t\t\t\t\t<\/div>\n\t\t<\/div>\n\t\t\t\t\t<\/div>\n\t\t<\/section>\n\t\t\t\t<section class=\"elementor-section elementor-top-section elementor-element elementor-element-3ce4eb1 elementor-section-boxed elementor-section-height-default elementor-section-height-default\" data-id=\"3ce4eb1\" data-element_type=\"section\">\n\t\t\t\t\t\t<div class=\"elementor-container elementor-column-gap-default\">\n\t\t\t\t\t<div class=\"elementor-column elementor-col-100 elementor-top-column elementor-element elementor-element-7ee5ee0\" data-id=\"7ee5ee0\" data-element_type=\"column\">\n\t\t\t<div class=\"elementor-widget-wrap elementor-element-populated\">\n\t\t\t\t\t\t<div class=\"elementor-element elementor-element-4573523 elementor-widget elementor-widget-text-editor\" data-id=\"4573523\" data-element_type=\"widget\" data-widget_type=\"text-editor.default\">\n\t\t\t\t<div class=\"elementor-widget-container\">\n\t\t\t\t\t\t\t\t\t<div><p>Polityka plik\u00f3w cookies dost\u0119pna jest jedynie w j\u0119zyku polskim.<\/p><\/div><ol><li>Administrator wykorzystuje pliki cookies (ciasteczka), czyli niewielkie informacje tekstowe, przechowywane na urz\u0105dzeniu ko\u0144cowym U\u017cytkownika (np. komputerze, tablecie, smartfonie). Cookies mog\u0105 by\u0107 odczytywane przez system teleinformatyczny Administratora.<\/li><li>Administrator przechowuje pliki cookies na urz\u0105dzeniu ko\u0144cowym U\u017cytkownika, a nast\u0119pnie uzyskuje dost\u0119p do informacji w nich zawartych w celach:<br \/>\u2022 tworzenia statystyk, kt\u00f3re pomagaj\u0105 zrozumie\u0107, w jaki spos\u00f3b U\u017cytkownicy korzystaj\u0105 ze stron internetowych, co umo\u017cliwia ulepszanie ich struktury i zawarto\u015bci;<br \/>\u2022 marketingowych (remarketing);<br \/>\u2022 okre\u015blania profilu U\u017cytkownika w celu wy\u015bwietlania mu dopasowanych materia\u0142\u00f3w w sieciach reklamowych, w szczeg\u00f3lno\u015bci sieci Google;<br \/>\u2022 zapewnienia prawid\u0142owego dzia\u0142ania Sklepu.<\/li><li>Istnieje mo\u017cliwo\u015b\u0107 takiej konfiguracji przegl\u0105darki internetowej przez U\u017cytkownika, kt\u00f3ra uniemo\u017cliwia przechowywanie plik\u00f3w cookies na urz\u0105dzeniu ko\u0144cowym. Jednak, w takiej sytuacji, korzystanie ze strony internetowej przez U\u017cytkownika mo\u017ce by\u0107 utrudnione.<\/li><li>Pliki cookies mog\u0105 by\u0107 przez U\u017cytkownika usuni\u0119te po ich zapisaniu poprzez odpowiednie funkcje przegl\u0105darki internetowej, programy s\u0142u\u017c\u0105ce w tym celu lub skorzystanie z odpowiednich narz\u0119dzi dost\u0119pnych w ramach systemu operacyjnego, z kt\u00f3rego korzysta U\u017cytkownik.<br \/>5. Pod tymi linkami zamieszczone s\u0105 informacje o sposobach usuni\u0119cia cookies w najpopularniejszych przegl\u0105darkach internetowych:<br \/>\u2022 Firefox: http:\/\/support.mozilla.org\/pl\/kb\/usuwanie-ciasteczek ;<br \/>\u2022 Opera: http:\/\/help.opera.com\/Linux\/9.60\/pl\/cookies.html ;<br \/>\u2022 Internet Explorer: http:\/\/support.microsoft.com\/kb\/278835\/pl ;<br \/>\u2022 Chrome: http:\/\/support.google.com\/chrome\/bin\/answer.py?hl=pl&amp;answer=95647 ;<br \/>\u2022 Safari: http:\/\/support.apple.com\/kb\/HT1677?viewlocale=pl_PL<\/li><\/ol>\t\t\t\t\t\t\t\t<\/div>\n\t\t\t\t<\/div>\n\t\t\t\t\t<\/div>\n\t\t<\/div>\n\t\t\t\t\t<\/div>\n\t\t<\/section>\n\t\t\t\t<\/div>","protected":false},"excerpt":{"rendered":"<p>Cookies&#8217; policy Cookies&#8217; policy is only available in Polish. Administrator wykorzystuje pliki cookies (ciasteczka), czyli niewielkie informacje tekstowe, przechowywane na urz\u0105dzeniu ko\u0144cowym U\u017cytkownika (np. komputerze, tablecie, smartfonie). Cookies mog\u0105 by\u0107 odczytywane przez system teleinformatyczny Administratora. Administrator przechowuje pliki cookies na urz\u0105dzeniu ko\u0144cowym U\u017cytkownika, a nast\u0119pnie uzyskuje dost\u0119p do informacji w nich zawartych w celach:\u2022 tworzenia [&hellip;]<\/p>","protected":false},"author":370,"featured_media":0,"parent":0,"menu_order":0,"comment_status":"closed","ping_status":"closed","template":"","meta":{"_coblocks_attr":"","_coblocks_dimensions":"","_coblocks_responsive_height":"","_coblocks_accordion_ie_support":"","footnotes":""},"class_list":["post-1369","page","type-page","status-publish","hentry"],"blocksy_meta":[],"_links":{"self":[{"href":"https:\/\/e-2-e.eu\/pl_pl\/wp-json\/wp\/v2\/pages\/1369","targetHints":{"allow":["GET"]}}],"collection":[{"href":"https:\/\/e-2-e.eu\/pl_pl\/wp-json\/wp\/v2\/pages"}],"about":[{"href":"https:\/\/e-2-e.eu\/pl_pl\/wp-json\/wp\/v2\/types\/page"}],"author":[{"embeddable":true,"href":"https:\/\/e-2-e.eu\/pl_pl\/wp-json\/wp\/v2\/users\/370"}],"replies":[{"embeddable":true,"href":"https:\/\/e-2-e.eu\/pl_pl\/wp-json\/wp\/v2\/comments?post=1369"}],"version-history":[{"count":4,"href":"https:\/\/e-2-e.eu\/pl_pl\/wp-json\/wp\/v2\/pages\/1369\/revisions"}],"predecessor-version":[{"id":1373,"href":"https:\/\/e-2-e.eu\/pl_pl\/wp-json\/wp\/v2\/pages\/1369\/revisions\/1373"}],"wp:attachment":[{"href":"https:\/\/e-2-e.eu\/pl_pl\/wp-json\/wp\/v2\/media?parent=1369"}],"curies":[{"name":"wp","href":"https:\/\/api.w.org\/{rel}","templated":true}]}}