{"id":1836,"date":"2025-08-21T18:25:02","date_gmt":"2025-08-21T16:25:02","guid":{"rendered":"https:\/\/e-2-e.eu\/?post_type=product&#038;p=1836"},"modified":"2025-08-31T17:00:17","modified_gmt":"2025-08-31T15:00:17","slug":"pwr-students-camp-2025-additional","status":"publish","type":"product","link":"https:\/\/e-2-e.eu\/pl_pl\/shop\/pwr-students-camp-2025-additional\/","title":{"rendered":"Ob\u00f3z Student\u00f3w PWr 2025 \u2013 Wyspa Wyzwa\u0144: Akcja Integracja (dodatkowe bilety)"},"content":{"rendered":"<p><img fetchpriority=\"high\" decoding=\"async\" class=\"alignright wp-image-698\" src=\"https:\/\/e-2-e.eu\/wp-content\/uploads\/2023\/07\/Oboz_22_koncowe-1-1024x576.jpg\" alt=\"\" width=\"640\" height=\"360\" srcset=\"https:\/\/e-2-e.eu\/wp-content\/uploads\/2023\/07\/Oboz_22_koncowe-1-1024x576.jpg 1024w, https:\/\/e-2-e.eu\/wp-content\/uploads\/2023\/07\/Oboz_22_koncowe-1-300x169.jpg 300w, https:\/\/e-2-e.eu\/wp-content\/uploads\/2023\/07\/Oboz_22_koncowe-1-scaled-600x338.jpg 600w, https:\/\/e-2-e.eu\/wp-content\/uploads\/2023\/07\/Oboz_22_koncowe-1-768x432.jpg 768w, https:\/\/e-2-e.eu\/wp-content\/uploads\/2023\/07\/Oboz_22_koncowe-1-1536x864.jpg 1536w, https:\/\/e-2-e.eu\/wp-content\/uploads\/2023\/07\/Oboz_22_koncowe-1-2048x1152.jpg 2048w, https:\/\/e-2-e.eu\/wp-content\/uploads\/2023\/07\/Oboz_22_koncowe-1-18x10.jpg 18w\" sizes=\"(max-width: 640px) 100vw, 640px\" \/><\/p>\n<p>&nbsp;<\/p>\n<p>&nbsp;<\/p>\n<p style=\"text-align: justify;\">Ob\u00f3z Student\u00f3w PWr to 5 dni wspania\u0142ej zabawy w tematyce Wyspy Wyzwa\u0144. <span class=\"HwtZe\" lang=\"en\"><span class=\"jCAhz ChMk0b\"><span class=\"ryNqvb\">Czekaj\u0105 Was wsp\u00f3lne przygotowania, sparing i poznawanie najskrytszych sekret\u00f3w przeciwnika \u2013 wszystko po to, aby jak najlepiej zaprezentowa\u0107 swoj\u0105 dru\u017cyn\u0119 w niesamowitych konkurencjach!<\/span><\/span><\/span><\/p>\n<p style=\"text-align: justify;\"><span class=\"HwtZe\" lang=\"en\"><span class=\"jCAhz ChMk0b\"><span class=\"ryNqvb\">Zg\u0142o\u015b si\u0119 na ochotnika i wybierz si\u0119 z nami na plan filmowy, jakim b\u0119dzie o\u015broderk Trzy Jeziora w Wieleniu Zaobrza\u0144skim!<\/span><\/span><\/span><\/p>\n<p>&nbsp;<\/p>\n<p><img decoding=\"async\" class=\"alignleft wp-image-704\" src=\"https:\/\/e-2-e.eu\/wp-content\/uploads\/2023\/07\/bajer_3-300x200.jpg\" alt=\"\" width=\"640\" height=\"427\" srcset=\"https:\/\/e-2-e.eu\/wp-content\/uploads\/2023\/07\/bajer_3-300x200.jpg 300w, https:\/\/e-2-e.eu\/wp-content\/uploads\/2023\/07\/bajer_3-scaled-600x400.jpg 600w, https:\/\/e-2-e.eu\/wp-content\/uploads\/2023\/07\/bajer_3-1024x683.jpg 1024w, https:\/\/e-2-e.eu\/wp-content\/uploads\/2023\/07\/bajer_3-768x512.jpg 768w, https:\/\/e-2-e.eu\/wp-content\/uploads\/2023\/07\/bajer_3-1536x1024.jpg 1536w, https:\/\/e-2-e.eu\/wp-content\/uploads\/2023\/07\/bajer_3-2048x1365.jpg 2048w, https:\/\/e-2-e.eu\/wp-content\/uploads\/2023\/07\/bajer_3-18x12.jpg 18w\" sizes=\"(max-width: 640px) 100vw, 640px\" \/><\/p>\n<p>&nbsp;<\/p>\n<p>&nbsp;<\/p>\n<p>Ob\u00f3z to przede wszystkim:<\/p>\n<ul>\n<li>5 niezapomnianych dni zabawy i rywalizacji;<\/li>\n<li>10+ r\u00f3\u017cnych gier integracyjnych i atrakcji;<\/li>\n<li>15+ rodzaj\u00f3w warsztat\u00f3w;<\/li>\n<li>400 uczestnik\u00f3w;<\/li>\n<li>Nowe znajomo\u015bci na ca\u0142e studia.<\/li>\n<\/ul>\n<p><img decoding=\"async\" class=\"alignright wp-image-706\" src=\"https:\/\/e-2-e.eu\/wp-content\/uploads\/2023\/07\/warsztaty-200x300.jpg\" alt=\"\" width=\"640\" height=\"960\" srcset=\"https:\/\/e-2-e.eu\/wp-content\/uploads\/2023\/07\/warsztaty-200x300.jpg 200w, https:\/\/e-2-e.eu\/wp-content\/uploads\/2023\/07\/warsztaty-scaled-300x450.jpg 300w, https:\/\/e-2-e.eu\/wp-content\/uploads\/2023\/07\/warsztaty-scaled-600x900.jpg 600w, https:\/\/e-2-e.eu\/wp-content\/uploads\/2023\/07\/warsztaty-683x1024.jpg 683w, https:\/\/e-2-e.eu\/wp-content\/uploads\/2023\/07\/warsztaty-768x1152.jpg 768w, https:\/\/e-2-e.eu\/wp-content\/uploads\/2023\/07\/warsztaty-1024x1536.jpg 1024w, https:\/\/e-2-e.eu\/wp-content\/uploads\/2023\/07\/warsztaty-1365x2048.jpg 1365w, https:\/\/e-2-e.eu\/wp-content\/uploads\/2023\/07\/warsztaty-8x12.jpg 8w, https:\/\/e-2-e.eu\/wp-content\/uploads\/2023\/07\/warsztaty-scaled.jpg 1707w\" sizes=\"(max-width: 640px) 100vw, 640px\" \/><\/p>\n<p>&nbsp;<\/p>\n<p>&nbsp;<\/p>\n<p>&nbsp;<\/p>\n<p style=\"text-align: justify;\">Cena za udzia\u0142 w Obozie obejmuje transport autokarowy z Wroc\u0142awia i z powrotem (dodatkowo p\u0142atny), 2 posi\u0142ki dziennie (brunch i obiadokolacja, w ostatni dzie\u0144 \u015bniadanie), zakwaterowanie w domkach letniskowych nad jeziorem, imprezy z DJ-em ka\u017cdej nocy, konkursy z nagrodami, liczne warsztaty i atrakcje zorganizowane przez <span class=\"HwtZe\" lang=\"en\"><span class=\"jCAhz ChMk0b\"><span class=\"ryNqvb\">Samorz\u0105d Studencki Politechniki Wroc\u0142awskiej z asekuracj\u0105 ratownik\u00f3w wodnych (przez wi\u0119kszo\u015b\u0107 dnia) i ratownik\u00f3w KPP\/medycznych.<\/span><\/span><\/span><\/p>\n<p>Przyk\u0142ady warsztat\u00f3w, z kt\u00f3rych b\u0119dzie mo\u017cna skorzysta\u0107 w trakcie Obozu (na poszczeg\u00f3lne warsztaty obowi\u0105zuj\u0105 limity miejsc):<\/p>\n<ul>\n<li>Barma\u0144skie;<\/li>\n<li>DJ-skie;<\/li>\n<li>Malarskie;<\/li>\n<li>Beer Yoga;<\/li>\n<li>Taneczne;<\/li>\n<li>I wiele wi\u0119cej!<\/li>\n<\/ul>\n<p>Wszystkie dodatkowe informacje mog\u0105 Pa\u0144stwo znale\u017a\u0107 na <a href=\"https:\/\/www.facebook.com\/events\/1463937451292064\">wydarzeniu w serwisie Facebook<\/a>,\u00a0<a href=\"https:\/\/www.facebook.com\/ObozPWr\">Facebookowej stronie<\/a> oraz <a href=\"https:\/\/oboz.samorzad.pwr.edu.pl\/\">stronie<\/a> Obozu Student\u00f3w PWr.<\/p>\n<p><a href=\"https:\/\/endtoendservices-my.sharepoint.com\/:b:\/g\/personal\/krzysztofkwater_endtoendservices_onmicrosoft_com\/Ef4YJGO9BKpIkn2c2KiP82UBpTJRlgA0Qm67KiZotO0HNg?e=CfogeL\">Regulamin Obozu i polityka prywatno\u015bci<\/a> (tylko w j\u0119zyku polskim).<\/p>\n<p>&nbsp;<\/p>\n<p>&nbsp;<\/p>\n<p>Harmonogram (mo\u017ce ulec zmianie mi\u0119dzy innymi ze wzgl\u0119du na warunki pogodowe):<\/p>\n<p>&nbsp;<\/p>\n<p><b>Niedziela 07.09<\/b><\/p>\n<p>11:00 Zbi\u00f3rka przed wyjazdem z Wroc\u0142awia (dla uczestnik\u00f3w korzystaj\u0105cych ze zorganizowanego transportu autokarowego)<\/p>\n<p>15:00 Zakwaterowanie i obiad<\/p>\n<p>18:00 Uroczyste otwarcie Obozu<\/p>\n<p>19:00 Integracja dru\u017cyn<\/p>\n<p>20:30 Grill<\/p>\n<p>22:00 White Girl Music Party organized by \u201cBajer\u201d Students club<\/p>\n<p>&nbsp;<\/p>\n<p><b>Poniedzia\u0142ek 08.09<\/b><\/p>\n<p>10:30 Panel warsztatowy\/Pla\u017cing\/Czas wolny<\/p>\n<p>12:00 Brunch<\/p>\n<p>13:00 Wielkie Pla\u017cowanie - festiwal kolor\u00f3w na pla\u017cy<\/p>\n<p>15:00 Integracja dru\u017cyn<\/p>\n<p>16:00 Plusk i Sza\u0142 \u2013 Sztafeta Mokrych Wra\u017ce\u0144<\/p>\n<p>18:30 Obiadokolacja<\/p>\n<p>20:00 Integracja dru\u017cyn<\/p>\n<p>22:00 White T-shirt Party z neonami organizowane przez Klub Studencki Bajer<\/p>\n<p>&nbsp;<\/p>\n<p><b>Wtorek 09.09<\/b><\/p>\n<p>10:30 Panel warsztatowy\/Pla\u017cing\/Czas wolny<\/p>\n<p>12:00 Brunch<\/p>\n<p>13:00 Panel warsztatowy\/Pla\u017cing\/Czas wolny\/Turniej Siatk\u00f3wki<\/p>\n<p>14:30 Integracja dru\u017cyn<\/p>\n<p>16:00 Wielkie Bajerowanie<\/p>\n<p>18:30 Obiadokolacja<\/p>\n<p>20:00 Przedstawienie dru\u017cyn<\/p>\n<p>22:00 Pyjama Party organizowane przez Klub Studencki Bajer<\/p>\n<p>&nbsp;<\/p>\n<p><b>\u015aroda 10.09<\/b><\/p>\n<p>10:30 Panel warsztatowy\/Pla\u017cing\/Czas wolny<\/p>\n<p>12:00 Brunch<\/p>\n<p>13:00 Panel warsztatowy\/Pla\u017cing\/Czas wolny\/Fina\u0142 Turnieju Siatk\u00f3wki<\/p>\n<p>15:00 Bitwa o flag\u0119 i z\u0142ote jaja<\/p>\n<p>17:00 Czas wolny<\/p>\n<p>18:30 Obiadokolacja<\/p>\n<p>20:00 Czas wolny<\/p>\n<p>21:30 Gra Nocna<\/p>\n<p>&nbsp;<\/p>\n<p><b>Czwartek 11.09<\/b><\/p>\n<p>10:30 Panel warsztatowy\/Pla\u017cing\/Czas wolny<\/p>\n<p>12:00 Brunch<\/p>\n<p>13:00 Panel warsztatowy\/Pla\u017cing\/Czas wolny<\/p>\n<p>15:00 Integracja dru\u017cyn<\/p>\n<p>15:30 Rywalizacja Frakcji - ostateczne starcie<\/p>\n<p>17:30 Czas wolny<\/p>\n<p>18:30 Obiadokolacja<\/p>\n<p>20:00 Uroczysto\u015b\u0107 zako\u0144czenia Obozu<\/p>\n<p>22:00 Gold and Silver Party organizowane przez Klub Studencki Bajer<\/p>\n<p>&nbsp;<\/p>\n<p><b>Pi\u0105tek 12.09<\/b><\/p>\n<p>8:00 \u015aniadanie<\/p>\n<p>9:30 Wymeldowanie<\/p>\n<p>10:30 Wyjazd do Wroc\u0142awia (dla uczestnik\u00f3w, kt\u00f3rzy wybrali zorganizowany transport autokarowy)<\/p>\n<p>&nbsp;<\/p>","protected":false},"excerpt":{"rendered":"<p>Osobne <a href=\"https:\/\/endtoendservices-my.sharepoint.com\/:b:\/g\/personal\/krzysztofkwater_endtoendservices_onmicrosoft_com\/Ef4YJGO9BKpIkn2c2KiP82UBpTJRlgA0Qm67KiZotO0HNg?e=94J6be\">regulamin i polityka prywatno\u015bci<\/a> maj\u0105 zastosowanie dla tego produktu.<\/p>\n<p><strong><span style=\"color: #ff0000;\">DODATKOWE BILETY! Niekt\u00f3re gad\u017cety (w tym koszulki) mog\u0105 zosta\u0107 dostarczone z op\u00f3\u017anieniem, a zawarto\u015b\u0107 starter packa mo\u017ce si\u0119 r\u00f3\u017cni\u0107!<\/span><\/strong><\/p>\n<p>Najni\u017csza cena w ci\u0105gu ostatnich 30 dni: 1030,00 PLN; transport: +100,00 PLN<\/p>\n<p style=\"text-align: justify;\">Najlepszy wyjazd studencki w Polsce <span class=\"HwtZe\" lang=\"en\"><span class=\"jCAhz ChMk0b\"><span class=\"ryNqvb\">pod patronatem Politechniki Wroc\u0142awskiej - to 5 dni warsztat\u00f3w, imprez, rywalizacji i integracji w najlepszym towarzystwie, jakie mo\u017cesz sobie tylko wymarzy\u0107! Wi\u0119cej szczeg\u00f3\u0142\u00f3w w opisie poni\u017cej i na <a href=\"https:\/\/www.facebook.com\/events\/1463937451292064\">wydarzeniu w serwisie Facebook<\/a>.<\/span><\/span><\/span><\/p>\n<p style=\"text-align: justify;\">Wybierz, czy chcesz jecha\u0107 do Wielenia z nami autokarem z Wroc\u0142awia (mocno polecamy t\u0119 opcj\u0119! T<span class=\"HwtZe\" lang=\"en\"><span class=\"jCAhz ChMk0b\"><span class=\"ryNqvb\">o cz\u0119\u015b\u0107 zabawy i pierwsza okazja do nawi\u0105zania znajomo\u015bci na ca\u0142e studia) i wype\u0142nij poni\u017csze dane <\/span><\/span><\/span><strong><span style=\"color: #ff0000;\">uczestnika<\/span><\/strong> wydarzenia. <strong>Wype\u0142nij formularz poprawnie! B\u0142\u0119dy mog\u0105 uniemo\u017cliwi\u0107 udzia\u0142 w Obozie.<\/strong><\/p>","protected":false},"featured_media":1385,"comment_status":"open","ping_status":"closed","template":"","meta":{"_coblocks_attr":"","_coblocks_dimensions":"","_coblocks_responsive_height":"","_coblocks_accordion_ie_support":""},"product_brand":[],"product_cat":[22,17],"product_tag":[],"class_list":{"0":"post-1836","1":"product","2":"type-product","3":"status-publish","4":"has-post-thumbnail","6":"product_cat-students-camps","7":"product_cat-travel","9":"first","10":"outofstock","11":"featured","12":"sold-individually","13":"taxable","14":"shipping-taxable","15":"purchasable","16":"product-type-variable"},"_links":{"self":[{"href":"https:\/\/e-2-e.eu\/pl_pl\/wp-json\/wp\/v2\/product\/1836","targetHints":{"allow":["GET"]}}],"collection":[{"href":"https:\/\/e-2-e.eu\/pl_pl\/wp-json\/wp\/v2\/product"}],"about":[{"href":"https:\/\/e-2-e.eu\/pl_pl\/wp-json\/wp\/v2\/types\/product"}],"replies":[{"embeddable":true,"href":"https:\/\/e-2-e.eu\/pl_pl\/wp-json\/wp\/v2\/comments?post=1836"}],"version-history":[{"count":3,"href":"https:\/\/e-2-e.eu\/pl_pl\/wp-json\/wp\/v2\/product\/1836\/revisions"}],"predecessor-version":[{"id":1864,"href":"https:\/\/e-2-e.eu\/pl_pl\/wp-json\/wp\/v2\/product\/1836\/revisions\/1864"}],"wp:featuredmedia":[{"embeddable":true,"href":"https:\/\/e-2-e.eu\/pl_pl\/wp-json\/wp\/v2\/media\/1385"}],"wp:attachment":[{"href":"https:\/\/e-2-e.eu\/pl_pl\/wp-json\/wp\/v2\/media?parent=1836"}],"wp:term":[{"taxonomy":"product_brand","embeddable":true,"href":"https:\/\/e-2-e.eu\/pl_pl\/wp-json\/wp\/v2\/product_brand?post=1836"},{"taxonomy":"product_cat","embeddable":true,"href":"https:\/\/e-2-e.eu\/pl_pl\/wp-json\/wp\/v2\/product_cat?post=1836"},{"taxonomy":"product_tag","embeddable":true,"href":"https:\/\/e-2-e.eu\/pl_pl\/wp-json\/wp\/v2\/product_tag?post=1836"}],"curies":[{"name":"wp","href":"https:\/\/api.w.org\/{rel}","templated":true}]}}